{"id":1511,"date":"2025-10-30T09:54:18","date_gmt":"2025-10-30T08:54:18","guid":{"rendered":"https:\/\/dev.jardindigital.com\/www.betatec.lu\/mentions-legales\/"},"modified":"2025-10-30T09:54:18","modified_gmt":"2025-10-30T08:54:18","slug":"mentions-legales","status":"publish","type":"page","link":"https:\/\/dev.jardindigital.com\/www.betatec.lu\/fr\/mentions-legales\/","title":{"rendered":"Mentions l\u00e9gales"},"content":{"rendered":"<div class=\"wpb-content-wrapper\"><p>[vc_row][vc_column width=\u00a0\u00bb1\/2&Prime;][vc_column_text]<\/p>\n<h3 style=\"text-align: right;\"><strong>\u00c9diteur responsable:<\/strong><\/h3>\n<p>[\/vc_column_text][\/vc_column][vc_column width=\u00a0\u00bb1\/2&Prime;][vc_column_text]BETATEC Ing\u00e9nieurs-conseils S\u00e0rl<\/p>\n<p>Centre Alswee<br \/>\n3, ZAE am Clemensbongert<br \/>\nL-9158 Heiderscheid<\/p>\n<p>T\u00e9l.: +352 26877596<br \/>\nE-Mail: info@betatec.lu<\/p>\n<p>TVA ID: LU 30706212[\/vc_column_text][\/vc_column][\/vc_row][vc_row][vc_column width=\u00a0\u00bb1\/2&Prime;][vc_column_text]<\/p>\n<h3 style=\"text-align: right;\"><strong>Avis juridique:<\/strong><\/h3>\n<p>[\/vc_column_text][\/vc_column][vc_column width=\u00a0\u00bb1\/2&Prime;][vc_column_text]Le contenu de ce site web a \u00e9t\u00e9 \u00e9labor\u00e9 avec le plus grand soin. Il est constamment v\u00e9rifi\u00e9 et mis \u00e0 jour. N\u00e9anmoins, aucune responsabilit\u00e9 ou garantie ne peut \u00eatre assum\u00e9e quant au caract\u00e8re correct, actuel et complet des informations contenues. La soci\u00e9t\u00e9 d\u00e9cline toute responsabilit\u00e9 pour des dommages d\u00e9coulant directement ou indirectement de l\u2019utilisation de ce site web, sauf si elle est bas\u00e9e sur une intention ou une n\u00e9gligence grave. Si ce site web renvoie par hyperlien \u00e0 d\u2019autres sites web exploit\u00e9s par des tiers, la soci\u00e9t\u00e9 n\u2019assume aucune responsabilit\u00e9 quant \u00e0 leur contenu.<\/p>\n<p>La soci\u00e9t\u00e9 se r\u00e9serve le droit d\u2019apporter des modifications et des ajouts aux informations fournies \u00e0 tout moment.<\/p>\n<p>Tous droits r\u00e9serv\u00e9s. Les textes et les images ainsi que leur disposition sur le site web de l\u2019entreprise sont soumis \u00e0 la protection du droit d\u2019auteur et \u00e0 d\u2019autres dispositions protectrices. Le contenu de ce site web ne peut \u00eatre copi\u00e9, distribu\u00e9, modifi\u00e9 ou mis \u00e0 la disposition de tiers \u00e0 des fins commerciales.[\/vc_column_text][\/vc_column][\/vc_row][vc_row][vc_column width=\u00a0\u00bb1\/2&Prime;][vc_column_text]<\/p>\n<h3 style=\"text-align: right;\"><strong>Webdesign &amp; r\u00e9alisation:<\/strong><\/h3>\n<p>[\/vc_column_text][\/vc_column][vc_column width=\u00a0\u00bb1\/2&Prime;][vc_column_text]<a href=\"https:\/\/www.designagentur.be\/\" target=\"_blank\" rel=\"noopener noreferrer\"><strong>Die Designagentur \u2013 Leifgen<\/strong><\/a>[\/vc_column_text][\/vc_column][\/vc_row][vc_row][vc_column width=\u00a0\u00bb1\/2&Prime;][\/vc_column][vc_column width=\u00a0\u00bb1\/2&Prime;][\/vc_column][\/vc_row]<\/p>\n<\/div>","protected":false},"excerpt":{"rendered":"<p>[vc_row][vc_column width=\u00a0\u00bb1\/2&Prime;][vc_column_text] \u00c9diteur responsable: [\/vc_column_text][\/vc_column][vc_column width=\u00a0\u00bb1\/2&Prime;][vc_column_text]BETATEC Ing\u00e9nieurs-conseils S\u00e0rl Centre Alswee 3, ZAE am Clemensbongert L-9158 Heiderscheid T\u00e9l.: +352 26877596 E-Mail: info@betatec.lu TVA ID: LU 30706212[\/vc_column_text][\/vc_column][\/vc_row][vc_row][vc_column width=\u00a0\u00bb1\/2&Prime;][vc_column_text] Avis juridique: [\/vc_column_text][\/vc_column][vc_column width=\u00a0\u00bb1\/2&Prime;][vc_column_text]Le contenu de ce site web a \u00e9t\u00e9 \u00e9labor\u00e9 avec le plus grand soin. Il est constamment v\u00e9rifi\u00e9 et mis \u00e0 jour. N\u00e9anmoins, aucune responsabilit\u00e9 ou [&hellip;]<\/p>\n","protected":false},"author":1,"featured_media":0,"parent":0,"menu_order":0,"comment_status":"closed","ping_status":"closed","template":"page-templates\/template-fullwidth.php","meta":{"footnotes":""},"class_list":["post-1511","page","type-page","status-publish","hentry"],"_links":{"self":[{"href":"https:\/\/dev.jardindigital.com\/www.betatec.lu\/fr\/wp-json\/wp\/v2\/pages\/1511","targetHints":{"allow":["GET"]}}],"collection":[{"href":"https:\/\/dev.jardindigital.com\/www.betatec.lu\/fr\/wp-json\/wp\/v2\/pages"}],"about":[{"href":"https:\/\/dev.jardindigital.com\/www.betatec.lu\/fr\/wp-json\/wp\/v2\/types\/page"}],"author":[{"embeddable":true,"href":"https:\/\/dev.jardindigital.com\/www.betatec.lu\/fr\/wp-json\/wp\/v2\/users\/1"}],"replies":[{"embeddable":true,"href":"https:\/\/dev.jardindigital.com\/www.betatec.lu\/fr\/wp-json\/wp\/v2\/comments?post=1511"}],"version-history":[{"count":0,"href":"https:\/\/dev.jardindigital.com\/www.betatec.lu\/fr\/wp-json\/wp\/v2\/pages\/1511\/revisions"}],"wp:attachment":[{"href":"https:\/\/dev.jardindigital.com\/www.betatec.lu\/fr\/wp-json\/wp\/v2\/media?parent=1511"}],"curies":[{"name":"wp","href":"https:\/\/api.w.org\/{rel}","templated":true}]}}